{"id":584,"date":"2026-03-03T20:08:20","date_gmt":"2026-03-03T20:08:20","guid":{"rendered":"https:\/\/2125garments.com\/?post_type=product&#038;p=584"},"modified":"2026-03-11T17:09:33","modified_gmt":"2026-03-11T17:09:33","slug":"vintage-clarks-black-leather-mules-2010s","status":"publish","type":"product","link":"https:\/\/2125garments.com\/fr\/produit\/vintage-clarks-black-leather-mules-2010s\/","title":{"rendered":"Mules Clarks en cuir \u2014 Ann\u00e9es 2010"},"content":{"rendered":"<p data-start=\"498\" data-end=\"618\">P\u00e9riode : Ann\u00e9e 2010<br data-start=\"542\" data-end=\"545\" \/>Couleur: Noir<br data-start=\"557\" data-end=\"560\" \/>Mati\u00e8re : 100% Cuir<br data-start=\"582\" data-end=\"585\" \/>Taille: 40<br data-start=\"593\" data-end=\"596\" \/>\u00c9tat : Excellent<\/p>","protected":false},"excerpt":{"rendered":"<p data-start=\"219\" data-end=\"412\">Mules vintage Clarks en cuir noir avec un talon compens\u00e9 discret.<br data-start=\"298\" data-end=\"301\" \/>Silhouette minimaliste \u00e0 la structure intemporelle, pens\u00e9e pour un usage quotidien.<br data-start=\"369\" data-end=\"372\" \/>Lignes \u00e9pur\u00e9es, polyvalente et sans effort.<\/p>\n<p data-start=\"414\" data-end=\"459\">Excellent \u00e9tat.<br data-start=\"434\" data-end=\"437\" \/>Une seule pi\u00e8ce disponible.<\/p>\n<p data-start=\"461\" data-end=\"491\">Drop 001 \u2014 S\u00e9lectionn\u00e9 \u00e0 Abidjan.<\/p>","protected":false},"featured_media":513,"template":"","meta":{"site-sidebar-layout":"default","site-content-layout":"","ast-site-content-layout":"default","site-content-style":"default","site-sidebar-style":"default","ast-global-header-display":"","ast-banner-title-visibility":"","ast-main-header-display":"","ast-hfb-above-header-display":"","ast-hfb-below-header-display":"","ast-hfb-mobile-header-display":"","site-post-title":"","ast-breadcrumbs-content":"","ast-featured-img":"","footer-sml-layout":"","ast-disable-related-posts":"","theme-transparent-header-meta":"default","adv-header-id-meta":"","stick-header-meta":"","header-above-stick-meta":"","header-main-stick-meta":"","header-below-stick-meta":"","astra-migrate-meta-layouts":"set","ast-page-background-enabled":"default","ast-page-background-meta":{"desktop":{"background-color":"var(--ast-global-color-5)","background-image":"","background-repeat":"repeat","background-position":"center center","background-size":"auto","background-attachment":"scroll","background-type":"","background-media":"","overlay-type":"","overlay-color":"","overlay-opacity":"","overlay-gradient":""},"tablet":{"background-color":"","background-image":"","background-repeat":"repeat","background-position":"center center","background-size":"auto","background-attachment":"scroll","background-type":"","background-media":"","overlay-type":"","overlay-color":"","overlay-opacity":"","overlay-gradient":""},"mobile":{"background-color":"","background-image":"","background-repeat":"repeat","background-position":"center center","background-size":"auto","background-attachment":"scroll","background-type":"","background-media":"","overlay-type":"","overlay-color":"","overlay-opacity":"","overlay-gradient":""}},"ast-content-background-meta":{"desktop":{"background-color":"var(--ast-global-color-4)","background-image":"","background-repeat":"repeat","background-position":"center center","background-size":"auto","background-attachment":"scroll","background-type":"","background-media":"","overlay-type":"","overlay-color":"","overlay-opacity":"","overlay-gradient":""},"tablet":{"background-color":"var(--ast-global-color-4)","background-image":"","background-repeat":"repeat","background-position":"center center","background-size":"auto","background-attachment":"scroll","background-type":"","background-media":"","overlay-type":"","overlay-color":"","overlay-opacity":"","overlay-gradient":""},"mobile":{"background-color":"var(--ast-global-color-4)","background-image":"","background-repeat":"repeat","background-position":"center center","background-size":"auto","background-attachment":"scroll","background-type":"","background-media":"","overlay-type":"","overlay-color":"","overlay-opacity":"","overlay-gradient":""}}},"product_brand":[256],"product_cat":[22,226],"product_tag":[],"class_list":{"0":"post-584","1":"product","2":"type-product","3":"status-publish","4":"has-post-thumbnail","6":"product_brand-clarks","7":"product_cat-drop-001","8":"product_cat-footwear","9":"pa_condition-excellent","10":"pa_era-2010s","11":"desktop-align-left","12":"tablet-align-left","13":"mobile-align-left","15":"first","16":"outofstock","17":"sold-individually","18":"shipping-taxable","19":"product-type-simple"},"_links":{"self":[{"href":"https:\/\/2125garments.com\/fr\/wp-json\/wp\/v2\/product\/584","targetHints":{"allow":["GET"]}}],"collection":[{"href":"https:\/\/2125garments.com\/fr\/wp-json\/wp\/v2\/product"}],"about":[{"href":"https:\/\/2125garments.com\/fr\/wp-json\/wp\/v2\/types\/product"}],"wp:featuredmedia":[{"embeddable":true,"href":"https:\/\/2125garments.com\/fr\/wp-json\/wp\/v2\/media\/513"}],"wp:attachment":[{"href":"https:\/\/2125garments.com\/fr\/wp-json\/wp\/v2\/media?parent=584"}],"wp:term":[{"taxonomy":"product_brand","embeddable":true,"href":"https:\/\/2125garments.com\/fr\/wp-json\/wp\/v2\/product_brand?post=584"},{"taxonomy":"product_cat","embeddable":true,"href":"https:\/\/2125garments.com\/fr\/wp-json\/wp\/v2\/product_cat?post=584"},{"taxonomy":"product_tag","embeddable":true,"href":"https:\/\/2125garments.com\/fr\/wp-json\/wp\/v2\/product_tag?post=584"}],"curies":[{"name":"wp","href":"https:\/\/api.w.org\/{rel}","templated":true}]}}