{"id":445,"date":"2026-03-02T10:57:52","date_gmt":"2026-03-02T10:57:52","guid":{"rendered":"https:\/\/2125garments.com\/?post_type=product&#038;p=445"},"modified":"2026-03-02T12:53:42","modified_gmt":"2026-03-02T12:53:42","slug":"vintage-asics-onitsuka-tiger-sneakers","status":"publish","type":"product","link":"https:\/\/2125garments.com\/fr\/produit\/vintage-asics-onitsuka-tiger-sneakers\/","title":{"rendered":"Asics Onitsuka Tiger \u2014 Cuir"},"content":{"rendered":"<p><span style=\"font-weight: 400;\">Marque : Asics<\/span><span style=\"font-weight: 400;\"><br \/>\n<\/span><span style=\"font-weight: 400;\"> Mod\u00e8le : Onitsuka Tiger<\/span><span style=\"font-weight: 400;\"><br \/>\n<\/span><span style=\"font-weight: 400;\"> P\u00e9riode : Issue des archives<\/span><span style=\"font-weight: 400;\"><br \/>\n<\/span><span style=\"font-weight: 400;\"> Couleur : Beige \/ Vert fonc\u00e9<\/span><span style=\"font-weight: 400;\"><br \/>\n<\/span><span style=\"font-weight: 400;\"> Mati\u00e8re : Cuir<\/span><span style=\"font-weight: 400;\"><br \/>\n<\/span><span style=\"font-weight: 400;\"> Taille : 41,5<\/span><span style=\"font-weight: 400;\"><br \/>\n<\/span><span style=\"font-weight: 400;\"> \u00c9tat : Excellent<\/span><\/p>","protected":false},"excerpt":{"rendered":"<p><span style=\"font-weight: 400;\">Baskets vintage Asics Onitsuka Tiger en cuir.<\/span><span style=\"font-weight: 400;\"><br \/>\n<\/span><span style=\"font-weight: 400;\"> Silhouette sportive minimaliste d\u2019archive.<\/span><span style=\"font-weight: 400;\"><br \/>\n<\/span><span style=\"font-weight: 400;\"> Tr\u00e8s bon \u00e9tat.<\/span><span style=\"font-weight: 400;\"><br \/>\n<\/span><span style=\"font-weight: 400;\"> Une seule pi\u00e8ce disponible.<\/span><\/p>\n<p><span style=\"font-weight: 400;\">Drop 001 \u2014 S\u00e9lectionn\u00e9 \u00e0 Abidjan.<\/span><\/p>","protected":false},"featured_media":458,"template":"","meta":{"site-sidebar-layout":"default","site-content-layout":"","ast-site-content-layout":"default","site-content-style":"default","site-sidebar-style":"default","ast-global-header-display":"","ast-banner-title-visibility":"","ast-main-header-display":"","ast-hfb-above-header-display":"","ast-hfb-below-header-display":"","ast-hfb-mobile-header-display":"","site-post-title":"","ast-breadcrumbs-content":"","ast-featured-img":"","footer-sml-layout":"","ast-disable-related-posts":"","theme-transparent-header-meta":"default","adv-header-id-meta":"","stick-header-meta":"","header-above-stick-meta":"","header-main-stick-meta":"","header-below-stick-meta":"","astra-migrate-meta-layouts":"set","ast-page-background-enabled":"default","ast-page-background-meta":{"desktop":{"background-color":"var(--ast-global-color-5)","background-image":"","background-repeat":"repeat","background-position":"center center","background-size":"auto","background-attachment":"scroll","background-type":"","background-media":"","overlay-type":"","overlay-color":"","overlay-opacity":"","overlay-gradient":""},"tablet":{"background-color":"","background-image":"","background-repeat":"repeat","background-position":"center center","background-size":"auto","background-attachment":"scroll","background-type":"","background-media":"","overlay-type":"","overlay-color":"","overlay-opacity":"","overlay-gradient":""},"mobile":{"background-color":"","background-image":"","background-repeat":"repeat","background-position":"center center","background-size":"auto","background-attachment":"scroll","background-type":"","background-media":"","overlay-type":"","overlay-color":"","overlay-opacity":"","overlay-gradient":""}},"ast-content-background-meta":{"desktop":{"background-color":"var(--ast-global-color-4)","background-image":"","background-repeat":"repeat","background-position":"center center","background-size":"auto","background-attachment":"scroll","background-type":"","background-media":"","overlay-type":"","overlay-color":"","overlay-opacity":"","overlay-gradient":""},"tablet":{"background-color":"var(--ast-global-color-4)","background-image":"","background-repeat":"repeat","background-position":"center center","background-size":"auto","background-attachment":"scroll","background-type":"","background-media":"","overlay-type":"","overlay-color":"","overlay-opacity":"","overlay-gradient":""},"mobile":{"background-color":"var(--ast-global-color-4)","background-image":"","background-repeat":"repeat","background-position":"center center","background-size":"auto","background-attachment":"scroll","background-type":"","background-media":"","overlay-type":"","overlay-color":"","overlay-opacity":"","overlay-gradient":""}}},"product_brand":[224],"product_cat":[22,226],"product_tag":[80,228,91,227,88,229,230],"class_list":{"0":"post-445","1":"product","2":"type-product","3":"status-publish","4":"has-post-thumbnail","6":"product_brand-asics","7":"product_cat-drop-001","8":"product_cat-footwear","9":"product_tag-archive","10":"product_tag-asics","11":"product_tag-drop-001","12":"product_tag-footwear","13":"product_tag-leather","14":"product_tag-onitsuka-tiger","15":"product_tag-sneakers","16":"pa_condition-very_good","17":"pa_era-2010s","18":"desktop-align-left","19":"tablet-align-left","20":"mobile-align-left","22":"first","23":"instock","24":"shipping-taxable","25":"product-type-simple"},"_links":{"self":[{"href":"https:\/\/2125garments.com\/fr\/wp-json\/wp\/v2\/product\/445","targetHints":{"allow":["GET"]}}],"collection":[{"href":"https:\/\/2125garments.com\/fr\/wp-json\/wp\/v2\/product"}],"about":[{"href":"https:\/\/2125garments.com\/fr\/wp-json\/wp\/v2\/types\/product"}],"wp:featuredmedia":[{"embeddable":true,"href":"https:\/\/2125garments.com\/fr\/wp-json\/wp\/v2\/media\/458"}],"wp:attachment":[{"href":"https:\/\/2125garments.com\/fr\/wp-json\/wp\/v2\/media?parent=445"}],"wp:term":[{"taxonomy":"product_brand","embeddable":true,"href":"https:\/\/2125garments.com\/fr\/wp-json\/wp\/v2\/product_brand?post=445"},{"taxonomy":"product_cat","embeddable":true,"href":"https:\/\/2125garments.com\/fr\/wp-json\/wp\/v2\/product_cat?post=445"},{"taxonomy":"product_tag","embeddable":true,"href":"https:\/\/2125garments.com\/fr\/wp-json\/wp\/v2\/product_tag?post=445"}],"curies":[{"name":"wp","href":"https:\/\/api.w.org\/{rel}","templated":true}]}}