{"id":300,"date":"2026-02-19T15:40:33","date_gmt":"2026-02-19T15:40:33","guid":{"rendered":"https:\/\/2125garments.com\/?post_type=product&#038;p=300"},"modified":"2026-03-02T17:48:05","modified_gmt":"2026-03-02T17:48:05","slug":"vintage-zebra-halter-top-2010","status":"publish","type":"product","link":"https:\/\/2125garments.com\/fr\/produit\/vintage-zebra-halter-top-2010\/","title":{"rendered":"Top dos-nu z\u00e9br\u00e9 \u2014 Ann\u00e9es 2010"},"content":{"rendered":"<p><span style=\"font-weight: 400;\">Marque: South<\/span><span style=\"font-weight: 400;\"><br \/>\n<\/span><span style=\"font-weight: 400;\"> P\u00e9riode : Ann\u00e9e 2010<\/span><span style=\"font-weight: 400;\"><br \/>\n<\/span><span style=\"font-weight: 400;\"> Couleur: Imprim\u00e9 Z\u00e8bre<\/span><span style=\"font-weight: 400;\"><br \/>\n<\/span><span style=\"font-weight: 400;\"> Mati\u00e8re : 95 % viscose, 5 % \u00e9lasthanne<\/span><span style=\"font-weight: 400;\"><br \/>\n<\/span><span style=\"font-weight: 400;\"> Taille: M-L<\/span><span style=\"font-weight: 400;\"><br \/>\n<\/span><span style=\"font-weight: 400;\"> \u00c9tat : Excellent<\/span><\/p>","protected":false},"excerpt":{"rendered":"<p><span style=\"font-weight: 400;\">Top dos-nu vintage imprim\u00e9 z\u00e8bre avec option de port modulable.<\/span><span style=\"font-weight: 400;\"><br \/>\n<\/span><span style=\"font-weight: 400;\"> Silhouette du d\u00e9but des ann\u00e9es 2010.<\/span><span style=\"font-weight: 400;\"><br \/>\n<\/span><span style=\"font-weight: 400;\"> Excellent \u00e9tat<\/span><span style=\"font-weight: 400;\"><br \/>\n<\/span><span style=\"font-weight: 400;\"> Une seule pi\u00e8ce disponible.<\/span><\/p>\n<p><span style=\"font-weight: 400;\">Drop 001 \u2014 S\u00e9lectionn\u00e9 \u00e0 Abidjan.<\/span><\/p>","protected":false},"featured_media":504,"template":"","meta":{"site-sidebar-layout":"default","site-content-layout":"","ast-site-content-layout":"default","site-content-style":"default","site-sidebar-style":"default","ast-global-header-display":"","ast-banner-title-visibility":"","ast-main-header-display":"","ast-hfb-above-header-display":"","ast-hfb-below-header-display":"","ast-hfb-mobile-header-display":"","site-post-title":"","ast-breadcrumbs-content":"","ast-featured-img":"","footer-sml-layout":"","ast-disable-related-posts":"","theme-transparent-header-meta":"default","adv-header-id-meta":"","stick-header-meta":"","header-above-stick-meta":"","header-main-stick-meta":"","header-below-stick-meta":"","astra-migrate-meta-layouts":"set","ast-page-background-enabled":"default","ast-page-background-meta":{"desktop":{"background-color":"var(--ast-global-color-5)","background-image":"","background-repeat":"repeat","background-position":"center center","background-size":"auto","background-attachment":"scroll","background-type":"","background-media":"","overlay-type":"","overlay-color":"","overlay-opacity":"","overlay-gradient":""},"tablet":{"background-color":"","background-image":"","background-repeat":"repeat","background-position":"center center","background-size":"auto","background-attachment":"scroll","background-type":"","background-media":"","overlay-type":"","overlay-color":"","overlay-opacity":"","overlay-gradient":""},"mobile":{"background-color":"","background-image":"","background-repeat":"repeat","background-position":"center center","background-size":"auto","background-attachment":"scroll","background-type":"","background-media":"","overlay-type":"","overlay-color":"","overlay-opacity":"","overlay-gradient":""}},"ast-content-background-meta":{"desktop":{"background-color":"var(--ast-global-color-4)","background-image":"","background-repeat":"repeat","background-position":"center center","background-size":"auto","background-attachment":"scroll","background-type":"","background-media":"","overlay-type":"","overlay-color":"","overlay-opacity":"","overlay-gradient":""},"tablet":{"background-color":"var(--ast-global-color-4)","background-image":"","background-repeat":"repeat","background-position":"center center","background-size":"auto","background-attachment":"scroll","background-type":"","background-media":"","overlay-type":"","overlay-color":"","overlay-opacity":"","overlay-gradient":""},"mobile":{"background-color":"var(--ast-global-color-4)","background-image":"","background-repeat":"repeat","background-position":"center center","background-size":"auto","background-attachment":"scroll","background-type":"","background-media":"","overlay-type":"","overlay-color":"","overlay-opacity":"","overlay-gradient":""}}},"product_brand":[195],"product_cat":[22,26],"product_tag":[162,91,160,157,79,198],"class_list":{"0":"post-300","1":"product","2":"type-product","3":"status-publish","4":"has-post-thumbnail","6":"product_brand-south","7":"product_cat-drop-001","8":"product_cat-tops","9":"product_tag-162","10":"product_tag-drop-001","11":"product_tag-halter","12":"product_tag-top","13":"product_tag-y2k","14":"product_tag-zebra","15":"pa_condition-very_good","16":"pa_era-2010s","17":"desktop-align-left","18":"tablet-align-left","19":"mobile-align-left","21":"first","22":"instock","23":"sold-individually","24":"shipping-taxable","25":"product-type-simple"},"_links":{"self":[{"href":"https:\/\/2125garments.com\/fr\/wp-json\/wp\/v2\/product\/300","targetHints":{"allow":["GET"]}}],"collection":[{"href":"https:\/\/2125garments.com\/fr\/wp-json\/wp\/v2\/product"}],"about":[{"href":"https:\/\/2125garments.com\/fr\/wp-json\/wp\/v2\/types\/product"}],"wp:featuredmedia":[{"embeddable":true,"href":"https:\/\/2125garments.com\/fr\/wp-json\/wp\/v2\/media\/504"}],"wp:attachment":[{"href":"https:\/\/2125garments.com\/fr\/wp-json\/wp\/v2\/media?parent=300"}],"wp:term":[{"taxonomy":"product_brand","embeddable":true,"href":"https:\/\/2125garments.com\/fr\/wp-json\/wp\/v2\/product_brand?post=300"},{"taxonomy":"product_cat","embeddable":true,"href":"https:\/\/2125garments.com\/fr\/wp-json\/wp\/v2\/product_cat?post=300"},{"taxonomy":"product_tag","embeddable":true,"href":"https:\/\/2125garments.com\/fr\/wp-json\/wp\/v2\/product_tag?post=300"}],"curies":[{"name":"wp","href":"https:\/\/api.w.org\/{rel}","templated":true}]}}