{"id":267,"date":"2026-02-19T11:25:57","date_gmt":"2026-02-19T11:25:57","guid":{"rendered":"https:\/\/2125garments.com\/?post_type=product&#038;p=267"},"modified":"2026-02-26T17:36:56","modified_gmt":"2026-02-26T17:36:56","slug":"vintage-marina-paris-halter-top-2000s","status":"publish","type":"product","link":"https:\/\/2125garments.com\/fr\/produit\/vintage-marina-paris-halter-top-2000s\/","title":{"rendered":"Top dos-nu Marina Paris \u2014 Ann\u00e9es 2000"},"content":{"rendered":"<p><span style=\"font-weight: 400;\">Marque: Marina Paris<\/span><span style=\"font-weight: 400;\"><br \/>\n<\/span><span style=\"font-weight: 400;\"> P\u00e9riode: Ann\u00e9es 2000<\/span><span style=\"font-weight: 400;\"><br \/>\n<\/span><span style=\"font-weight: 400;\"> Couleur: Noir<\/span><span style=\"font-weight: 400;\"><br \/>\n<\/span><span style=\"font-weight: 400;\"> Mati\u00e8re : 85 % polyester, 5 % \u00e9lasthanne<\/span><span style=\"font-weight: 400;\"><br \/>\n<\/span><span style=\"font-weight: 400;\"> Taille: S - M<\/span><span style=\"font-weight: 400;\"><br \/>\n<\/span><span style=\"font-weight: 400;\"> Condition: Tr\u00e8s bon \u00e9tat<\/span><\/p>","protected":false},"excerpt":{"rendered":"<p><span style=\"font-weight: 400;\">Top dos-nu vintage Marina Paris avec d\u00e9tails en strass.<\/span><span style=\"font-weight: 400;\"><br \/>\n<\/span><span style=\"font-weight: 400;\"> Silhouette marqu\u00e9e, d\u00e9but des ann\u00e9es 2000.<\/span><span style=\"font-weight: 400;\"><br \/>\n<\/span><span style=\"font-weight: 400;\"> Tr\u00e8s bon \u00e9tat<\/span><\/p>\n<p><span style=\"font-weight: 400;\"> Une seule pi\u00e8ce disponible.<\/span><\/p>\n<p><span style=\"font-weight: 400;\">Drop 001 \u2014 S\u00e9lectionn\u00e9 \u00e0 Abidjan.<\/span><\/p>","protected":false},"featured_media":415,"template":"","meta":{"site-sidebar-layout":"default","site-content-layout":"","ast-site-content-layout":"default","site-content-style":"default","site-sidebar-style":"default","ast-global-header-display":"","ast-banner-title-visibility":"","ast-main-header-display":"","ast-hfb-above-header-display":"","ast-hfb-below-header-display":"","ast-hfb-mobile-header-display":"","site-post-title":"","ast-breadcrumbs-content":"","ast-featured-img":"","footer-sml-layout":"","ast-disable-related-posts":"","theme-transparent-header-meta":"default","adv-header-id-meta":"","stick-header-meta":"","header-above-stick-meta":"","header-main-stick-meta":"","header-below-stick-meta":"","astra-migrate-meta-layouts":"set","ast-page-background-enabled":"default","ast-page-background-meta":{"desktop":{"background-color":"var(--ast-global-color-5)","background-image":"","background-repeat":"repeat","background-position":"center center","background-size":"auto","background-attachment":"scroll","background-type":"","background-media":"","overlay-type":"","overlay-color":"","overlay-opacity":"","overlay-gradient":""},"tablet":{"background-color":"","background-image":"","background-repeat":"repeat","background-position":"center center","background-size":"auto","background-attachment":"scroll","background-type":"","background-media":"","overlay-type":"","overlay-color":"","overlay-opacity":"","overlay-gradient":""},"mobile":{"background-color":"","background-image":"","background-repeat":"repeat","background-position":"center center","background-size":"auto","background-attachment":"scroll","background-type":"","background-media":"","overlay-type":"","overlay-color":"","overlay-opacity":"","overlay-gradient":""}},"ast-content-background-meta":{"desktop":{"background-color":"var(--ast-global-color-4)","background-image":"","background-repeat":"repeat","background-position":"center center","background-size":"auto","background-attachment":"scroll","background-type":"","background-media":"","overlay-type":"","overlay-color":"","overlay-opacity":"","overlay-gradient":""},"tablet":{"background-color":"var(--ast-global-color-4)","background-image":"","background-repeat":"repeat","background-position":"center center","background-size":"auto","background-attachment":"scroll","background-type":"","background-media":"","overlay-type":"","overlay-color":"","overlay-opacity":"","overlay-gradient":""},"mobile":{"background-color":"var(--ast-global-color-4)","background-image":"","background-repeat":"repeat","background-position":"center center","background-size":"auto","background-attachment":"scroll","background-type":"","background-media":"","overlay-type":"","overlay-color":"","overlay-opacity":"","overlay-gradient":""}}},"product_brand":[155],"product_cat":[22,26],"product_tag":[94,159,91,160,158,157,79],"class_list":{"0":"post-267","1":"product","2":"type-product","3":"status-publish","4":"has-post-thumbnail","6":"product_brand-marina-paris","7":"product_cat-drop-001","8":"product_cat-tops","9":"product_tag-2000s","10":"product_tag-black","11":"product_tag-drop-001","12":"product_tag-halter","13":"product_tag-marina-paris","14":"product_tag-top","15":"product_tag-y2k","16":"pa_condition-very_good","17":"pa_era-2000s","18":"desktop-align-left","19":"tablet-align-left","20":"mobile-align-left","22":"first","23":"instock","24":"sold-individually","25":"shipping-taxable","26":"product-type-simple"},"_links":{"self":[{"href":"https:\/\/2125garments.com\/fr\/wp-json\/wp\/v2\/product\/267","targetHints":{"allow":["GET"]}}],"collection":[{"href":"https:\/\/2125garments.com\/fr\/wp-json\/wp\/v2\/product"}],"about":[{"href":"https:\/\/2125garments.com\/fr\/wp-json\/wp\/v2\/types\/product"}],"wp:featuredmedia":[{"embeddable":true,"href":"https:\/\/2125garments.com\/fr\/wp-json\/wp\/v2\/media\/415"}],"wp:attachment":[{"href":"https:\/\/2125garments.com\/fr\/wp-json\/wp\/v2\/media?parent=267"}],"wp:term":[{"taxonomy":"product_brand","embeddable":true,"href":"https:\/\/2125garments.com\/fr\/wp-json\/wp\/v2\/product_brand?post=267"},{"taxonomy":"product_cat","embeddable":true,"href":"https:\/\/2125garments.com\/fr\/wp-json\/wp\/v2\/product_cat?post=267"},{"taxonomy":"product_tag","embeddable":true,"href":"https:\/\/2125garments.com\/fr\/wp-json\/wp\/v2\/product_tag?post=267"}],"curies":[{"name":"wp","href":"https:\/\/api.w.org\/{rel}","templated":true}]}}