{"id":541,"date":"2026-03-02T19:07:22","date_gmt":"2026-03-02T19:07:22","guid":{"rendered":"https:\/\/2125garments.com\/?page_id=541"},"modified":"2026-03-03T23:24:37","modified_gmt":"2026-03-03T23:24:37","slug":"order","status":"publish","type":"page","link":"https:\/\/2125garments.com\/fr\/order\/","title":{"rendered":"COMMANDER"},"content":{"rendered":"<div class=\"wp-block-cover alignfull has-custom-content-position is-position-center-right has-ast-global-color-8-color has-text-color has-link-color wp-elements-daf547d20d95a21ba8c5e016065155ab wp-duotone-grayscale\" style=\"min-height:739px;aspect-ratio:unset;\"><img loading=\"lazy\" decoding=\"async\" width=\"1024\" height=\"768\" class=\"wp-block-cover__image-background wp-image-125 size-large\" alt=\"\" src=\"https:\/\/2125garments.com\/wp-content\/uploads\/2026\/02\/WhatsApp-Image-2026-02-16-at-23.52.03-e1771286180253-1024x768.jpeg\" style=\"object-position:88% 29%\" data-object-fit=\"cover\" data-object-position=\"88% 29%\" srcset=\"https:\/\/2125garments.com\/wp-content\/uploads\/2026\/02\/WhatsApp-Image-2026-02-16-at-23.52.03-e1771286180253-1024x768.jpeg 1024w, https:\/\/2125garments.com\/wp-content\/uploads\/2026\/02\/WhatsApp-Image-2026-02-16-at-23.52.03-e1771286180253-1000x750.jpeg 1000w, https:\/\/2125garments.com\/wp-content\/uploads\/2026\/02\/WhatsApp-Image-2026-02-16-at-23.52.03-e1771286180253-300x225.jpeg 300w, https:\/\/2125garments.com\/wp-content\/uploads\/2026\/02\/WhatsApp-Image-2026-02-16-at-23.52.03-e1771286180253-768x576.jpeg 768w, https:\/\/2125garments.com\/wp-content\/uploads\/2026\/02\/WhatsApp-Image-2026-02-16-at-23.52.03-e1771286180253-1536x1152.jpeg 1536w, https:\/\/2125garments.com\/wp-content\/uploads\/2026\/02\/WhatsApp-Image-2026-02-16-at-23.52.03-e1771286180253.jpeg 1600w\" sizes=\"auto, (max-width: 1024px) 100vw, 1024px\" \/><span aria-hidden=\"true\" class=\"wp-block-cover__background has-ast-global-color-6-background-color has-background-dim-80 has-background-dim\"><\/span><div class=\"wp-block-cover__inner-container is-layout-flow wp-block-cover-is-layout-flow\">\n<div class=\"wp-block-group has-ast-global-color-8-color has-text-color has-link-color wp-elements-42aa623472b018e922d933f80ae5d9f4 is-layout-constrained wp-container-core-group-is-layout-dc48b372 wp-block-group-is-layout-constrained\" style=\"padding-right:60px;padding-left:60px;font-size:20px\">\n<h2 class=\"wp-block-heading has-text-align-center\" id=\"just-arrived\">COMMANDER <\/h2>\n\n\n\n<hr class=\"wp-block-separator has-alpha-channel-opacity\"\/>\n\n\n\n<p>Pour passer commande, merci de nous contacter directement.<\/p>\n\n\n\n<p>WhatsApp: +225 07 58 27 82 24<br>Instagram: @2125.garments<\/p>\n\n\n\n<p>Please mention the exact product name when contacting us.<\/p>\n\n\n\n<p>Chaque pi\u00e8ce est unique.<br>Le premier paiement confirm\u00e9 s\u00e9curise l\u2019article.<\/p>\n\n\n\n<p><\/p>\n\n\n\n<div class=\"wp-block-buttons is-content-justification-center is-layout-flex wp-container-core-buttons-is-layout-a89b3969 wp-block-buttons-is-layout-flex\">\n<div class=\"wp-block-button is-style-outline is-style-outline--1\"><a class=\"wp-block-button__link has-ast-global-color-6-color has-ast-global-color-1-background-color has-text-color has-background has-link-color has-text-align-center has-custom-font-size wp-element-button\" href=\"https:\/\/wa.me\/2250758278224\" style=\"font-size:18px\">Acheter maintenant<\/a><\/div>\n<\/div>\n<\/div>\n<\/div><\/div>\n\n\n\n<p><\/p>","protected":false},"excerpt":{"rendered":"","protected":false},"author":2,"featured_media":0,"parent":0,"menu_order":0,"comment_status":"closed","ping_status":"closed","template":"","meta":{"site-sidebar-layout":"default","site-content-layout":"","ast-site-content-layout":"default","site-content-style":"default","site-sidebar-style":"default","ast-global-header-display":"","ast-banner-title-visibility":"","ast-main-header-display":"","ast-hfb-above-header-display":"","ast-hfb-below-header-display":"","ast-hfb-mobile-header-display":"","site-post-title":"disabled","ast-breadcrumbs-content":"","ast-featured-img":"","footer-sml-layout":"","ast-disable-related-posts":"","theme-transparent-header-meta":"","adv-header-id-meta":"","stick-header-meta":"","header-above-stick-meta":"","header-main-stick-meta":"","header-below-stick-meta":"","astra-migrate-meta-layouts":"default","ast-page-background-enabled":"default","ast-page-background-meta":{"desktop":{"background-color":"var(--ast-global-color-5)","background-image":"","background-repeat":"repeat","background-position":"center center","background-size":"auto","background-attachment":"scroll","background-type":"","background-media":"","overlay-type":"","overlay-color":"","overlay-opacity":"","overlay-gradient":""},"tablet":{"background-color":"","background-image":"","background-repeat":"repeat","background-position":"center center","background-size":"auto","background-attachment":"scroll","background-type":"","background-media":"","overlay-type":"","overlay-color":"","overlay-opacity":"","overlay-gradient":""},"mobile":{"background-color":"","background-image":"","background-repeat":"repeat","background-position":"center center","background-size":"auto","background-attachment":"scroll","background-type":"","background-media":"","overlay-type":"","overlay-color":"","overlay-opacity":"","overlay-gradient":""}},"ast-content-background-meta":{"desktop":{"background-color":"var(--ast-global-color-4)","background-image":"","background-repeat":"repeat","background-position":"center center","background-size":"auto","background-attachment":"scroll","background-type":"","background-media":"","overlay-type":"","overlay-color":"","overlay-opacity":"","overlay-gradient":""},"tablet":{"background-color":"var(--ast-global-color-4)","background-image":"","background-repeat":"repeat","background-position":"center center","background-size":"auto","background-attachment":"scroll","background-type":"","background-media":"","overlay-type":"","overlay-color":"","overlay-opacity":"","overlay-gradient":""},"mobile":{"background-color":"var(--ast-global-color-4)","background-image":"","background-repeat":"repeat","background-position":"center center","background-size":"auto","background-attachment":"scroll","background-type":"","background-media":"","overlay-type":"","overlay-color":"","overlay-opacity":"","overlay-gradient":""}},"footnotes":""},"class_list":["post-541","page","type-page","status-publish","hentry"],"_hostinger_reach_plugin_has_subscription_block":false,"_hostinger_reach_plugin_is_elementor":false,"_links":{"self":[{"href":"https:\/\/2125garments.com\/fr\/wp-json\/wp\/v2\/pages\/541","targetHints":{"allow":["GET"]}}],"collection":[{"href":"https:\/\/2125garments.com\/fr\/wp-json\/wp\/v2\/pages"}],"about":[{"href":"https:\/\/2125garments.com\/fr\/wp-json\/wp\/v2\/types\/page"}],"author":[{"embeddable":true,"href":"https:\/\/2125garments.com\/fr\/wp-json\/wp\/v2\/users\/2"}],"replies":[{"embeddable":true,"href":"https:\/\/2125garments.com\/fr\/wp-json\/wp\/v2\/comments?post=541"}],"version-history":[{"count":4,"href":"https:\/\/2125garments.com\/fr\/wp-json\/wp\/v2\/pages\/541\/revisions"}],"predecessor-version":[{"id":586,"href":"https:\/\/2125garments.com\/fr\/wp-json\/wp\/v2\/pages\/541\/revisions\/586"}],"wp:attachment":[{"href":"https:\/\/2125garments.com\/fr\/wp-json\/wp\/v2\/media?parent=541"}],"curies":[{"name":"wp","href":"https:\/\/api.w.org\/{rel}","templated":true}]}}